{"id":23,"date":"2025-07-18T00:17:19","date_gmt":"2025-07-17T21:17:19","guid":{"rendered":"https:\/\/canargankozmetik.com.tr\/?page_id=3"},"modified":"2025-08-13T12:15:17","modified_gmt":"2025-08-13T09:15:17","slug":"urunler","status":"publish","type":"page","link":"https:\/\/www.canargankozmetik.com.tr\/?page_id=23","title":{"rendered":"\u00dcr\u00fcnler"},"content":{"rendered":"<div data-colibri-id=\"23-c1\" class=\"style-459 style-local-23-c1 position-relative\">\n  <!---->\n  <div data-colibri-component=\"section\" data-colibri-id=\"23-c2\" id=\"initial-content\" class=\"h-section h-section-global-spacing d-flex align-items-lg-center align-items-md-center align-items-center style-460 style-local-23-c2 position-relative\">\n    <!---->\n    <!---->\n    <div class=\"h-section-grid-container h-section-boxed-container\">\n      <!---->\n      <div data-colibri-id=\"23-c3\" class=\"h-row-container gutters-row-lg-2 gutters-row-md-2 gutters-row-0 gutters-row-v-lg-2 gutters-row-v-md-2 gutters-row-v-2 style-461 style-local-23-c3 position-relative\">\n        <!---->\n        <div class=\"h-row justify-content-lg-center justify-content-md-center justify-content-center align-items-lg-stretch align-items-md-stretch align-items-stretch gutters-col-lg-2 gutters-col-md-2 gutters-col-0 gutters-col-v-lg-2 gutters-col-v-md-2 gutters-col-v-2\">\n          <!---->\n          <div class=\"h-column h-column-container d-flex h-col-lg-auto h-col-md-auto h-col-auto style-462-outer style-local-23-c4-outer\">\n            <div data-colibri-id=\"23-c4\" class=\"d-flex h-flex-basis h-column__inner h-px-lg-2 h-px-md-2 h-px-2 v-inner-lg-2 v-inner-md-2 v-inner-2 style-462 style-local-23-c4 position-relative\">\n              <!---->\n              <!---->\n              <div class=\"w-100 h-y-container h-column__content h-column__v-align flex-basis-100 align-self-lg-start align-self-md-start align-self-start\">\n                <!---->\n                <div data-colibri-id=\"23-c5\" class=\"h-text h-text-component style-464 style-local-23-c5 position-relative h-element\">\n                  <!---->\n                  <!---->\n                  <div class=\"\">\n                    <ul>\n                      <li>&nbsp;<strong>Zeytinya\u011fl\u0131 Sabun;<\/strong><\/li>\n                    <\/ul>\n                    <p>Zeytinya\u011f\u0131 sabunu geleneksel ad\u0131yla \u201cYe\u015fil Sabun\u201d hem do\u011fal hem de \u00e7ok y\u00f6nl\u00fc bir bak\u0131m \u00fcr\u00fcn\u00fcd\u00fcr. Akdeniz \u00fclkelerinde yayg\u0131n olarak kullan\u0131l\u0131r, cilt ve sa\u00e7 \u00fczerindeki faydalar\u0131 k\u0131sa s\u00fcrede g\u00f6zle g\u00f6r\u00fclebilmektedir.<\/p>\n                    <ul>\n                      <li><strong>Hindistancevizi Ya\u011fl\u0131 Sabun;<\/strong><\/li>\n                    <\/ul>\n                    <p>Do\u011fal hindistancevizi ya\u011f\u0131ndan elde edilen bir sabun t\u00fcr\u00fcd\u00fcr. Yo\u011fun nemlendirme ve temizleme \u00f6zellikleriyle bilinen hindistancevizi ya\u011fl\u0131 sabun, rengi ve kokusuyla e\u015fsiz bir deneyim sunar.<\/p>\n                    <ul>\n                      <li><strong>Shea Ya\u011fl\u0131 Sabun<\/strong><\/li>\n                    <\/ul>\n                    <p>Afrika\u2019da yeti\u015fen shea a\u011fac\u0131n\u0131n (Vitellaria paradoxa) f\u0131nd\u0131klar\u0131ndan elde edilen do\u011fal Shea ya\u011f\u0131 kullan\u0131larak \u00fcretilir. Shea ya\u011f\u0131, cilt bak\u0131m\u0131nda yo\u011fun nemlendirme ve iyile\u015ftirici etkileriyle bilinir, bu y\u00fczden bu sabun do\u011fal g\u00fczellik\n                      arayan ki\u015filerin favorileri \u00fcr\u00fcnlerindendir.<\/p>\n                    <ul>\n                      <li><strong>Kakao Ya\u011fl\u0131 Sabun;<\/strong><\/li>\n                    <\/ul>\n                    <p>Yo\u011fun nemlendirme, koruma ve onar\u0131c\u0131 etkileriyle bilinen do\u011fal kakao ya\u011f\u0131 i\u00e7erdi\u011fi antioksidanlar, vitaminler ve ya\u011f asitleriyle cilt i\u00e7in bir\u00e7ok fayda sunar.<\/p>\n                    <ul>\n                      <li><strong>Lavanta Sabunu;<\/strong><\/li>\n                    <\/ul>\n                    <p>Mis kokusuyla tan\u0131nan Lavanta sabunu, sakinle\u015ftirici etkileri ve cilt i\u00e7in sundu\u011fu bir\u00e7ok faydayla bilinir. Lavanta bitkisinden elde edilen lavanta ya\u011f\u0131 ve do\u011fal malzemeler kullan\u0131larak \u00fcretilen Lavanta sabunu antibakteriyel \u00f6zellikleri\n                      ve ruha iyi gelen aromatik kokusuyla tan\u0131n\u0131r.<\/p>\n                    <ul>\n                      <li><strong>Papatya Sabunu;<\/strong><\/li>\n                    <\/ul>\n                    <p>Cilt i\u00e7in yumu\u015fat\u0131c\u0131 ve yat\u0131\u015ft\u0131r\u0131c\u0131 etkileriyle bilinen papatya \u00e7i\u00e7e\u011finden elde edilen \u00f6zlerin kullan\u0131ld\u0131\u011f\u0131 do\u011fal bir sabun t\u00fcr\u00fcd\u00fcr. Papatya bitkisi \u00f6zellikle ciltte tahri\u015fi azaltma, yat\u0131\u015ft\u0131rma ve temizleme \u00f6zellikleri nedeniyle kozmetik\n                      ve bak\u0131m \u00fcr\u00fcnlerinde yayg\u0131n olarak kullan\u0131lmaktad\u0131r. Sa\u00e7 ve cilt sa\u011fl\u0131\u011f\u0131 i\u00e7in faydalar\u0131 sakinle\u015ftirici etkisi ile birle\u015fti\u011finde muazzam bir se\u00e7enek haline gelmektedir.<\/p>\n                    <ul>\n                      <li><strong>Ada\u00e7ay\u0131 Sabunu;<\/strong><\/li>\n                    <\/ul>\n                    <p>Ada\u00e7ay\u0131 bitkisinin (Salvia officinalis) yapraklar\u0131ndan ve \u00f6zlerinden elde edilen do\u011fal bir sabundur. Cilt bak\u0131m\u0131nda, sa\u00e7 bak\u0131m\u0131nda ve genel hijyen amac\u0131yla kullan\u0131lan bu sabun, \u00f6zellikle bitkisel i\u00e7eriklere ilgi duyan ki\u015filer i\u00e7in\n                      pop\u00fcler bir se\u00e7imdir.<\/p>\n                    <ul>\n                      <li><strong>\u00c7ay A\u011fac\u0131 Sabunu;<\/strong><\/li>\n                    <\/ul>\n                    <p>\u00c7ay a\u011fac\u0131 sabunu, \u00e7ay a\u011fac\u0131 bitkisinin yapraklar\u0131ndan elde edilen \u00e7ay a\u011fac\u0131 ya\u011f\u0131 ile yap\u0131lan ve \u00f6zellikle cilt sorunlar\u0131na y\u00f6nelik faydalar\u0131yla bilinen do\u011fal bir sabun \u00e7e\u015fididir. Antibakteriyel, antifungal ve antiinflamatuvar (\u00f6dem\n                      azalt\u0131c\u0131) \u00f6zellikleri sayesinde cilt ve sa\u00e7 bak\u0131m\u0131nda yayg\u0131n olarak kullan\u0131l\u0131r.<\/p>\n                    <ul>\n                      <li><strong>Neem Sabunu;<\/strong><\/li>\n                    <\/ul>\n                    <p>Neem a\u011fac\u0131n\u0131n (Azadirachta indica) yapraklar\u0131 ve ya\u011f\u0131 kullan\u0131larak \u00fcretilen neem sabunu; antibakteriyel, antifungal, antiviral ve antioksidan \u00f6zellikleri ile tan\u0131nmaktad\u0131r. Cilt ve sa\u00e7 sa\u011fl\u0131\u011f\u0131 i\u00e7in olduk\u00e7a faydal\u0131 olan bu sabun egzama,\n                      akne, mantar, kepek ve ka\u015f\u0131nt\u0131 gibi bir\u00e7ok cilt ve sa\u00e7 problemini hafifletmek i\u00e7in kullan\u0131l\u0131r.<\/p>\n                    <ul>\n                      <li><strong>\u00c7\u00f6rekotu Sabunu;<\/strong><\/li>\n                    <\/ul>\n                    <p>\u00c7\u00f6rekotu ya\u011f\u0131 ve \u00e7\u00f6rekotu tohumlar\u0131n\u0131n \u00f6zleri kullan\u0131larak yap\u0131lan \u00e7\u00f6rekotu sabunu; antibakteriyel, antifungal ve antioksidan \u00f6zellikleriyle cilt ve sa\u00e7 sa\u011fl\u0131\u011f\u0131 i\u00e7in olduk\u00e7a faydal\u0131d\u0131r. \u00d6zellikle egzama, sivilce, mantar ve sa\u00e7 d\u00f6k\u00fclmesi\n                      gibi sorunlara kar\u015f\u0131 do\u011fal bir \u00e7\u00f6z\u00fcm olarak tercih edilir.<\/p>\n                    <ul>\n                      <li><strong>S\u00fctl\u00fc Sabun;<\/strong><\/li>\n                    <\/ul>\n                    <p>Do\u011fal s\u00fct kullan\u0131larak (genellikle ke\u00e7i, inek veya e\u015fek s\u00fct\u00fc) yap\u0131lan, cilt i\u00e7in zengin besleyici \u00f6zellikler ta\u015f\u0131yan bir sabun t\u00fcr\u00fcd\u00fcr. S\u00fct, cilt bak\u0131m\u0131nda nemlendirme, yumu\u015fatma ve yenileme \u00f6zellikleriyle bilinir. \u00d6zellikle hassas\n                      ve kuru ciltler i\u00e7in tercih edilen s\u00fctl\u00fc sabun, cilt \u00fczerinde nazik bir etki b\u0131rak\u0131r ve do\u011fal bir parlakl\u0131k sa\u011flar.<\/p>\n                    <ul>\n                      <li><strong>Gliserinli Sabun;<\/strong><\/li>\n                    <\/ul>\n                    <p>Cildi nemlendirme ve yumu\u015fatma \u00f6zellikleriyle \u00f6ne \u00e7\u0131kan gliserinli sabun, \u00f6zellikle kuru ve hassas ciltler i\u00e7in tercih edilen bir sabun t\u00fcr\u00fcd\u00fcr. Transparan yap\u0131dad\u0131r ve nemlendirici etkisi pop\u00fcler \u00f6zelli\u011fidir.<\/p>\n                    <ul>\n                      <li><strong>Kahveli Sabun;<\/strong><\/li>\n                    <\/ul>\n                    <p>\u0130\u00e7eri\u011findeki do\u011fal kahve ve kahve telvesi sayesinde cildi \u00f6l\u00fc h\u00fccrelerinden ar\u0131nd\u0131ran, canland\u0131ran ve s\u0131k\u0131la\u015ft\u0131ran bir sabun t\u00fcr\u00fcd\u00fcr. \u00d6zellikle peeling etkisiyle bilinen bu sabun, sel\u00fclit kar\u015f\u0131t\u0131 ve cilt yenileyici \u00f6zellikleriyle dikkat\n                      \u00e7eker.<\/p>\n                    <ul>\n                      <li><strong>Kabak Lifli Sabun;<\/strong><\/li>\n                    <\/ul>\n                    <p>Kabak lifli sabun, do\u011fal kabak lifi ve bitkisel sabunun birle\u015fimiyle \u00fcretilen bir peeling (eksfoliye edici) sabunudur. \u00d6l\u00fc deriyi temizleyerek cildi p\u00fcr\u00fczs\u00fczle\u015ftirir, kan dola\u015f\u0131m\u0131n\u0131 art\u0131r\u0131r ve g\u00f6zenekleri derinlemesine ar\u0131nd\u0131r\u0131r. \u00d6zellikle\n                      bat\u0131k t\u00fcyler ve cilt yenilenmesi i\u00e7in etkili bir \u00fcr\u00fcnd\u00fcr.<\/p>\n                    <ul>\n                      <li><strong>Hint Ya\u011f\u0131 Sabunu;<\/strong><\/li>\n                    <\/ul>\n                    <p>Hint ya\u011f\u0131 sabunu, i\u00e7eri\u011findeki Hint ya\u011f\u0131 sayesinde cildi besleyen, nemlendiren ve iyile\u015ftirici \u00f6zellikleriyle bilinen do\u011fal bir sabun \u00e7e\u015fididir. Hint ya\u011f\u0131, ricinoleik asit a\u00e7\u0131s\u0131ndan zengin olup \u00f6zellikle cilt ve sa\u00e7 bak\u0131m\u0131nda kullan\u0131l\u0131r.<\/p>\n                    <ul>\n                      <li><strong>Argan Ya\u011f\u0131 Sabunu;<\/strong><\/li>\n                    <\/ul>\n                    <p>\u00d6zellikle E vitamini, antioksidanlar ve esansiyel ya\u011f asitleri a\u00e7\u0131s\u0131ndan zengin olan Argan ya\u011f\u0131 sabunu; cildi besleyen, nemlendiren ve yenileyen do\u011fal bir sabun t\u00fcr\u00fcd\u00fcr.<\/p>\n                    <ul>\n                      <li><strong>Aktif Karbonlu Sabun;<\/strong><\/li>\n                    <\/ul>\n                    <p>Aktif karbonlu sabun, i\u00e7eri\u011findeki aktif karbon (aktif k\u00f6m\u00fcr) sayesinde cildi derinlemesine temizleyen, ya\u011f toksinlerini emen, siyah nokta ve sivilce olu\u015fumunu \u00f6nlemeye yard\u0131mc\u0131 olan do\u011fal bir sabundur. \u00d6zellikle ya\u011fl\u0131 ve akneye e\u011filimli\n                      ciltler i\u00e7in idealdir. Antibakteriyel ve g\u00f6zenek s\u0131k\u0131la\u015ft\u0131r\u0131c\u0131 etkileriyle bilinir.<\/p>\n                    <ul>\n                      <li><strong>K\u00fck\u00fcrtl\u00fc Sabun;<\/strong><\/li>\n                    <\/ul>\n                    <p>K\u00fck\u00fcrtl\u00fc sabun, i\u00e7eri\u011findeki k\u00fck\u00fcrt minerali sayesinde ciltteki ya\u011f dengesini d\u00fczenleyen, sivilce ve egzama gibi cilt problemlerine iyi gelen antiseptik \u00f6zellikli bir sabundur. K\u00fck\u00fcrt, \u00f6zellikle akne, sivilce, egzama mantar ve seboreik\n                      dermatit gibi cilt rahats\u0131zl\u0131klar\u0131nda kullan\u0131lan etkili bir bile\u015fimdir.<\/p>\n                    <ul>\n                      <li><strong>Katranl\u0131 Sabun;<\/strong><\/li>\n                    <\/ul>\n                    <p>Genellikle \u00e7am katran\u0131 ya\u011f\u0131 veya di\u011fer bitkisel katran ya\u011flar\u0131 kullan\u0131larak yap\u0131lan, cilt ve sa\u00e7 sa\u011fl\u0131\u011f\u0131 i\u00e7in olduk\u00e7a faydal\u0131 antiseptik bir sabundur. \u00d6zellikle egzama, sedef hastal\u0131\u011f\u0131, mantar, kepek ve akne gibi cilt sorunlar\u0131nda\n                      etkili olmas\u0131yla bilinir. Katran, antiseptik ve anti-enflamatuar \u00f6zelliklere sahiptir ve geleneksel t\u0131pta cilt rahats\u0131zl\u0131klar\u0131n\u0131 tedavi etmek i\u00e7in uzun y\u0131llard\u0131r kullan\u0131lmaktad\u0131r.<\/p>\n                    <ul>\n                      <li><strong>Pirin\u00e7 \u00d6zl\u00fc Sabun;<\/strong><\/li>\n                    <\/ul>\n                    <p>Pirin\u00e7 \u00f6z\u00fc sabunu, pirin\u00e7 \u00f6z\u00fcn\u00fcn cilt ayd\u0131nlat\u0131c\u0131 ve besleyici etkilerinden faydalanan do\u011fal bak\u0131m \u00fcr\u00fcnleridir. Cilt tonunu e\u015fitler, cildi nemlendirir ve do\u011fal bir parlakl\u0131k kazand\u0131r\u0131r. Pirin\u00e7 \u00f6z\u00fc sabunu, genellikle leke giderici ve\n                      nemlendirici \u00f6zellikleri nedeniyle y\u00fcz ve v\u00fccut bak\u0131m\u0131nda kullan\u0131l\u0131r.<\/p>\n                    <p>\n                      <br>\n                    <\/p>\n                    <p>\n                      <br>\n                    <\/p>\n                    <p>\n                      <br>\n                    <\/p>\n                  <\/div>\n                <\/div>\n              <\/div>\n            <\/div>\n          <\/div>\n        <\/div>\n      <\/div>\n    <\/div>\n  <\/div>\n<\/div>","protected":false},"excerpt":{"rendered":"<p>&nbsp;Zeytinya\u011fl\u0131 Sabun; Zeytinya\u011f\u0131 sabunu geleneksel ad\u0131yla \u201cYe\u015fil Sabun\u201d hem do\u011fal hem de \u00e7ok y\u00f6nl\u00fc bir bak\u0131m \u00fcr\u00fcn\u00fcd\u00fcr. Akdeniz \u00fclkelerinde yayg\u0131n olarak kullan\u0131l\u0131r, cilt ve sa\u00e7 \u00fczerindeki faydalar\u0131 k\u0131sa s\u00fcrede g\u00f6zle g\u00f6r\u00fclebilmektedir. Hindistancevizi Ya\u011fl\u0131 Sabun; Do\u011fal hindistancevizi ya\u011f\u0131ndan elde edilen bir sabun t\u00fcr\u00fcd\u00fcr. Yo\u011fun nemlendirme ve temizleme \u00f6zellikleriyle bilinen hindistancevizi ya\u011fl\u0131 sabun, rengi ve kokusuyla e\u015fsiz [&hellip;]<\/p>\n","protected":false},"author":1,"featured_media":0,"parent":0,"menu_order":2,"comment_status":"closed","ping_status":"closed","template":"page-templates\/full-width-page.php","meta":{"footnotes":""},"class_list":["post-23","page","type-page","status-publish","hentry"],"featured_media_urls":[],"_links":{"self":[{"href":"https:\/\/www.canargankozmetik.com.tr\/index.php?rest_route=\/wp\/v2\/pages\/23","targetHints":{"allow":["GET"]}}],"collection":[{"href":"https:\/\/www.canargankozmetik.com.tr\/index.php?rest_route=\/wp\/v2\/pages"}],"about":[{"href":"https:\/\/www.canargankozmetik.com.tr\/index.php?rest_route=\/wp\/v2\/types\/page"}],"author":[{"embeddable":true,"href":"https:\/\/www.canargankozmetik.com.tr\/index.php?rest_route=\/wp\/v2\/users\/1"}],"replies":[{"embeddable":true,"href":"https:\/\/www.canargankozmetik.com.tr\/index.php?rest_route=%2Fwp%2Fv2%2Fcomments&post=23"}],"version-history":[{"count":5,"href":"https:\/\/www.canargankozmetik.com.tr\/index.php?rest_route=\/wp\/v2\/pages\/23\/revisions"}],"predecessor-version":[{"id":333,"href":"https:\/\/www.canargankozmetik.com.tr\/index.php?rest_route=\/wp\/v2\/pages\/23\/revisions\/333"}],"wp:attachment":[{"href":"https:\/\/www.canargankozmetik.com.tr\/index.php?rest_route=%2Fwp%2Fv2%2Fmedia&parent=23"}],"curies":[{"name":"wp","href":"https:\/\/api.w.org\/{rel}","templated":true}]}}